{"id":971,"date":"2021-11-08T14:41:59","date_gmt":"2021-11-08T13:41:59","guid":{"rendered":"http:\/\/agrotop.ga\/industry\/tluszcze-kat-3\/"},"modified":"2021-12-10T11:20:10","modified_gmt":"2021-12-10T10:20:10","slug":"cat-3-fats","status":"publish","type":"page","link":"https:\/\/www.agro-top.com.pl\/en\/industry\/cat-3-fats","title":{"rendered":"Cat.3 Fats"},"content":{"rendered":"<p><strong>Charakterystyka naszych produkt\u00f3w:<\/strong><\/p>\n<ul>\n<li>kontrola nad produkcj\u0105 i jako\u015bci\u0105 surowc\u00f3w jak i wyrobu gotowego zgodne z wymaganiami HACCP, GHP, GMP+ \/ produkcja zgodna z wymaganiami UE 1069\/2009<\/li>\n<li>wysoka krzepliwo\u015b\u0107 produktu umo\u017cliwia zastosowanie t\u0142uszcz\u00f3w wo\u0142owych w produkcji karm dla ptak\u00f3w<\/li>\n<li>t\u0142uszcze pozbawione zanieczyszcze\u0144 bia\u0142kowych, fosforan\u00f3w i siarczan\u00f3w dzi\u0119ki udoskonalonej technologii produkcji<\/li>\n<li>du\u017ce do\u015bwiadczenie w utrwalaniu wyrob\u00f3w poprzez stosowanie antyutleniaczy stabilizuj\u0105cych produkt<br \/>\ni wyd\u0142u\u017caj\u0105cych jego \u017cywotno\u015b\u0107<\/li>\n<li>t\u0142uszcze pozbawione zanieczyszcze\u0144 nierozpuszczalnych w eterze naftowym<\/li>\n<\/ul>\n","protected":false},"excerpt":{"rendered":"<p>Charakterystyka naszych produkt\u00f3w: kontrola nad produkcj\u0105 i jako\u015bci\u0105 surowc\u00f3w jak i wyrobu gotowego zgodne z wymaganiami HACCP, GHP, GMP+ \/ produkcja zgodna z wymaganiami UE 1069\/2009 wysoka krzepliwo\u015b\u0107 produktu umo\u017cliwia zastosowanie t\u0142uszcz\u00f3w wo\u0142owych w produkcji karm dla ptak\u00f3w t\u0142uszcze pozbawione zanieczyszcze\u0144 bia\u0142kowych, fosforan\u00f3w i siarczan\u00f3w dzi\u0119ki udoskonalonej technologii produkcji du\u017ce do\u015bwiadczenie w utrwalaniu wyrob\u00f3w poprzez [&hellip;]<\/p>\n","protected":false},"author":1,"featured_media":650,"parent":946,"menu_order":26,"comment_status":"closed","ping_status":"closed","template":"page-templates\/similary_page.php","meta":{"_acf_changed":false,"inline_featured_image":false,"footnotes":""},"class_list":["post-971","page","type-page","status-publish","has-post-thumbnail","hentry"],"acf":[],"_links":{"self":[{"href":"https:\/\/www.agro-top.com.pl\/en\/wp-json\/wp\/v2\/pages\/971","targetHints":{"allow":["GET"]}}],"collection":[{"href":"https:\/\/www.agro-top.com.pl\/en\/wp-json\/wp\/v2\/pages"}],"about":[{"href":"https:\/\/www.agro-top.com.pl\/en\/wp-json\/wp\/v2\/types\/page"}],"author":[{"embeddable":true,"href":"https:\/\/www.agro-top.com.pl\/en\/wp-json\/wp\/v2\/users\/1"}],"replies":[{"embeddable":true,"href":"https:\/\/www.agro-top.com.pl\/en\/wp-json\/wp\/v2\/comments?post=971"}],"version-history":[{"count":3,"href":"https:\/\/www.agro-top.com.pl\/en\/wp-json\/wp\/v2\/pages\/971\/revisions"}],"predecessor-version":[{"id":1251,"href":"https:\/\/www.agro-top.com.pl\/en\/wp-json\/wp\/v2\/pages\/971\/revisions\/1251"}],"up":[{"embeddable":true,"href":"https:\/\/www.agro-top.com.pl\/en\/wp-json\/wp\/v2\/pages\/946"}],"wp:featuredmedia":[{"embeddable":true,"href":"https:\/\/www.agro-top.com.pl\/en\/wp-json\/wp\/v2\/media\/650"}],"wp:attachment":[{"href":"https:\/\/www.agro-top.com.pl\/en\/wp-json\/wp\/v2\/media?parent=971"}],"curies":[{"name":"wp","href":"https:\/\/api.w.org\/{rel}","templated":true}]}}